{"id":1122,"date":"2019-05-10T11:28:59","date_gmt":"2019-05-10T11:28:59","guid":{"rendered":"https:\/\/illuste.ee\/about-us-1\/"},"modified":"2021-09-13T09:32:41","modified_gmt":"2021-09-13T09:32:41","slug":"renoveerimine","status":"publish","type":"page","link":"https:\/\/illuste.ee\/en\/renoveerimine\/","title":{"rendered":"Renoveerimine"},"content":{"rendered":"<div class=\"vc_row wpb_row vc_row-fluid\"><div class=\"wpb_column vc_column_container vc_col-sm-12\"><div class=\"vc_column-inner\"><div class=\"wpb_wrapper\">\n\n  <!--START FOCUS-->\n  <div class=\"nd_options_section nd_options_background_size_cover\" style=\"background-image:url(https:\/\/illuste.ee\/wp-content\/uploads\/2021\/08\/DJI_0012-1024x575.jpg)\">\n                                            \n      <div class=\"nd_options_section nd_options_bg_greydark_alpha_5\">\n          \n          <div class=\"nd_options_section nd_options_text_align_center\">\n          \n            <div class=\"nd_options_section nd_options_height_100\"><\/div>\n              \n            <a rel=\"\" title=\"\" target=\"_self\" class=\"nd_options_color_white\" href=\"\">\n              <h1 class=\"nd_options_margin_0_important nd_options_color_white\">\n                RENOVATION\n              <\/h1>\n            <\/a>\n            <div class=\"nd_options_section nd_options_height_20\"><\/div>\n            <h3 class=\"nd_options_margin_0_important nd_options_text_transform_uppercase nd_options_color_white\"><\/h3>\n\n            <div class=\"nd_options_section nd_options_height_100\"><\/div> \n\n          <\/div>\n\n      <\/div>\n\n  <\/div>\n  <!--END FOCUS-->\n\n   <\/div><\/div><\/div><\/div><div class=\"vc_row wpb_row vc_row-fluid\"><div class=\"wpb_column vc_column_container vc_col-sm-6\"><div class=\"vc_column-inner\"><div class=\"wpb_wrapper\">\n\t<div class=\"wpb_text_column wpb_content_element\" >\n\t\t<div class=\"wpb_wrapper\">\n\t\t\t<p style=\"text-align: justify;\"><span style=\"color: #000000;\">During the work that began in the summer of 2015 and was completed the following late fall, the worn asbestos cement roof tiles were removed, and the attic floor was cleared of accumulated debris. Damaged rafters and parts of the roof structure were restored through prosthetic repair. Missing purlins and tie beam connections were added where the integrity of the roof framework had been compromised, and the roof was aligned. A base layer of boarding and a two-layer roofing felt cover were installed. Under the valleys, flashing was placed at the base, and in the valleys and along the roof edges, the layers of roofing felt were additionally secured with bitumen mastic, along with nailing. After some delay due to supply issues, the final covering was installed: small-format (400 \u00d7 400 mm) smooth-surfaced dark gray asbestos cement tiles from UAB Eternit Baltic, laid in a diamond pattern. At the same time, the chimney tops and eaves boxes were repaired, and the facades received a new whitewash coating. (Nele Rent, 2017)<\/span><\/p>\n\n\t\t<\/div>\n\t<\/div>\n<\/div><\/div><\/div><div class=\"wpb_column vc_column_container vc_col-sm-6\"><div class=\"vc_column-inner\"><div class=\"wpb_wrapper\"><div class=\"wpb_gallery wpb_content_element vc_clearfix\" ><div class=\"wpb_wrapper\"><div class=\"wpb_gallery_slides wpb_flexslider flexslider_fade flexslider\" data-interval=\"0\" data-flex_fx=\"fade\"><ul class=\"slides\"><li><img fetchpriority=\"high\" decoding=\"async\" class=\"\" src=\"https:\/\/illuste.ee\/wp-content\/uploads\/2021\/08\/IMG_5974-scaled-570x400.jpg\" width=\"570\" height=\"400\" alt=\"IMG_5974\" title=\"IMG_5974\" \/><\/li><li><img decoding=\"async\" class=\"\" src=\"https:\/\/illuste.ee\/wp-content\/uploads\/2021\/08\/IMG_5976-scaled-570x400.jpg\" width=\"570\" height=\"400\" alt=\"IMG_5976\" title=\"IMG_5976\" \/><\/li><li><img decoding=\"async\" class=\"\" src=\"https:\/\/illuste.ee\/wp-content\/uploads\/2021\/08\/20160405_104648-scaled-570x400.jpg\" width=\"570\" height=\"400\" alt=\"20160405_104648\" title=\"20160405_104648\" \/><\/li><li><img loading=\"lazy\" decoding=\"async\" class=\"\" src=\"https:\/\/illuste.ee\/wp-content\/uploads\/2021\/08\/20160430_133806-scaled-570x400.jpg\" width=\"570\" height=\"400\" alt=\"20160430_133806\" title=\"20160430_133806\" \/><\/li><li><img loading=\"lazy\" decoding=\"async\" class=\"\" src=\"https:\/\/illuste.ee\/wp-content\/uploads\/2021\/08\/IMG_5978-scaled-570x400.jpg\" width=\"570\" height=\"400\" alt=\"IMG_5978\" title=\"IMG_5978\" \/><\/li><li><img loading=\"lazy\" decoding=\"async\" class=\"\" src=\"https:\/\/illuste.ee\/wp-content\/uploads\/2021\/08\/IMG_0848-scaled-570x400.jpg\" width=\"570\" height=\"400\" alt=\"IMG_0848\" title=\"IMG_0848\" \/><\/li><\/ul><\/div><\/div><\/div><\/div><\/div><\/div><\/div>","protected":false},"excerpt":{"rendered":"RENOVEERIMINE 2015. a suvel alustatud ja j\u00e4rgmisel hiliss\u00fcgisel l\u00f5petatud t\u00f6\u00f6de k\u00e4igus eemaldati katuse amortiseerunud eterniitplaadid ja koristati p\u00f6\u00f6ningukorrus sinna kuhjunud sodist. Proteesimise teel taastati kahjustunud sarikad ja katusekonstruktsiooni osad. Lisati puuduvad pennid ja t\u00f5mbtalade \u00fchendused kohtades, kus turvikute t\u00f6\u00f6p\u00f5him\u00f5te oli n\u00f5rgestatud, ning rihiti katus. Paigaldati aluslaudis ja kahekihiline ruberoidkate. Ruberoidi alla neelude p\u00f5hja paigaldati neeluplekid. [...]","protected":false},"author":2,"featured_media":0,"parent":0,"menu_order":0,"comment_status":"closed","ping_status":"closed","template":"","meta":{"footnotes":""},"class_list":["post-1122","page","type-page","status-publish","hentry"],"_links":{"self":[{"href":"https:\/\/illuste.ee\/en\/wp-json\/wp\/v2\/pages\/1122","targetHints":{"allow":["GET"]}}],"collection":[{"href":"https:\/\/illuste.ee\/en\/wp-json\/wp\/v2\/pages"}],"about":[{"href":"https:\/\/illuste.ee\/en\/wp-json\/wp\/v2\/types\/page"}],"author":[{"embeddable":true,"href":"https:\/\/illuste.ee\/en\/wp-json\/wp\/v2\/users\/2"}],"replies":[{"embeddable":true,"href":"https:\/\/illuste.ee\/en\/wp-json\/wp\/v2\/comments?post=1122"}],"version-history":[{"count":5,"href":"https:\/\/illuste.ee\/en\/wp-json\/wp\/v2\/pages\/1122\/revisions"}],"predecessor-version":[{"id":2281,"href":"https:\/\/illuste.ee\/en\/wp-json\/wp\/v2\/pages\/1122\/revisions\/2281"}],"wp:attachment":[{"href":"https:\/\/illuste.ee\/en\/wp-json\/wp\/v2\/media?parent=1122"}],"curies":[{"name":"wp","href":"https:\/\/api.w.org\/{rel}","templated":true}]}}