{"id":1848,"date":"2017-06-30T09:48:28","date_gmt":"2017-06-30T09:48:28","guid":{"rendered":"https:\/\/illuste.ee\/contact-1\/"},"modified":"2022-10-21T08:22:56","modified_gmt":"2022-10-21T08:22:56","slug":"kontakt","status":"publish","type":"page","link":"https:\/\/illuste.ee\/en\/kontakt\/","title":{"rendered":"Contact"},"content":{"rendered":"<div class=\"vc_row wpb_row vc_row-fluid\"><div class=\"wpb_column vc_column_container vc_col-sm-6\"><div class=\"vc_column-inner vc_custom_1467214267244\"><div class=\"wpb_wrapper\"> <h2 style=\"color:#000000;padding:px;text-align:;font-size:25px;line-height:25px;letter-spacing: px;font-weight:normal\" class=\"nd_options_first_font\">Contact us!<\/h2> <div style=\"background-color:;height: 20px\" class=\"nicdark_section\"><\/div>\n\t<div class=\"wpb_text_column wpb_content_element\" >\n\t\t<div class=\"wpb_wrapper\">\n\t\t\t\n\t\t<\/div>\n\t<\/div>\n<div style=\"background-color:;height: 20px\" class=\"nicdark_section\"><\/div>\n\n    <!--start form-->\n    <div id=\"nd_options_shortcode_cf7_13\" class=\"nd_options_section\">\n      \n      <div class=\"nd_options_section nd_options_box_sizing_border_box\">\n        \n<div class=\"wpcf7 no-js\" id=\"wpcf7-f13-o1\" lang=\"et\" dir=\"ltr\">\n<div class=\"screen-reader-response\"><p role=\"status\" aria-live=\"polite\" aria-atomic=\"true\"><\/p> <ul><\/ul><\/div>\n<form action=\"\/en\/wp-json\/wp\/v2\/pages\/1848#wpcf7-f13-o1\" method=\"post\" class=\"wpcf7-form init\" aria-label=\"Contact form\" novalidate=\"novalidate\" data-status=\"init\" data-trp-original-action=\"\/en\/wp-json\/wp\/v2\/pages\/1848#wpcf7-f13-o1\">\n<input type=\"hidden\" name=\"_wpcf7\" value=\"13\" \/><input type=\"hidden\" name=\"_wpcf7_version\" value=\"6.1.5\" \/><input type=\"hidden\" name=\"_wpcf7_locale\" value=\"et\" \/><input type=\"hidden\" name=\"_wpcf7_unit_tag\" value=\"wpcf7-f13-o1\" \/><input type=\"hidden\" name=\"_wpcf7_container_post\" value=\"0\" \/><input type=\"hidden\" name=\"_wpcf7_posted_data_hash\" value=\"\" \/>\n\n<p><label> Name<br \/>\n<span class=\"wpcf7-form-control-wrap\" data-name=\"your-name\"><input size=\"40\" class=\"wpcf7-form-control wpcf7-text wpcf7-validates-as-required\" aria-required=\"true\" aria-invalid=\"false\" value=\"\" type=\"text\" name=\"your-name\" \/><\/span> <\/label>\n<\/p>\n<p><label> Email<br \/>\n<span class=\"wpcf7-form-control-wrap\" data-name=\"your-email\"><input size=\"40\" class=\"wpcf7-form-control wpcf7-email wpcf7-validates-as-required wpcf7-text wpcf7-validates-as-email\" aria-required=\"true\" aria-invalid=\"false\" value=\"\" type=\"email\" name=\"your-email\" \/><\/span> <\/label>\n<\/p>\n<p><label> Subject<br \/>\n<span class=\"wpcf7-form-control-wrap\" data-name=\"your-subject\"><input size=\"40\" class=\"wpcf7-form-control wpcf7-text wpcf7-validates-as-required\" aria-required=\"true\" aria-invalid=\"false\" value=\"\" type=\"text\" name=\"your-subject\" \/><\/span> <\/label>\n<\/p>\n<p><label> Message<br \/>\n<span class=\"wpcf7-form-control-wrap\" data-name=\"your-message\"><textarea cols=\"40\" rows=\"10\" class=\"wpcf7-form-control wpcf7-textarea\" aria-invalid=\"false\" name=\"your-message\"><\/textarea><\/span> <\/label>\n<\/p>\n<p><input class=\"wpcf7-form-control wpcf7-submit has-spinner\" type=\"submit\" value=\"Send\" \/>\n<\/p><div class=\"wpcf7-response-output\" aria-hidden=\"true\"><\/div>\n<input type=\"hidden\" name=\"trp-form-language\" value=\"en\"\/><\/form>\n<\/div>\n \n      <\/div>  \n\n    <\/div>\n    <!--end form-->\n\n   <\/div><\/div><\/div><div class=\"wpb_column vc_column_container vc_col-sm-6\"><div class=\"vc_column-inner vc_custom_1467214272039\"><div class=\"wpb_wrapper\"> <p style=\"color:#000000;padding:px;text-align:;font-size:px;line-height:px;letter-spacing: px;font-weight:normal\" class=\"nd_options_first_font\">Coming from Tallinn, turn right onto Audru-T\u00f5stamaa-Nurmsi Road after 7.4 km on Karuse-Kalli Road. After 5.6 km, turn right again onto Pol\u00fcmeeri Road, and you will reach the manor grounds after 200 meters.<\/p> <div style=\"background-color:#ffffff;height: 20px\" class=\"nicdark_section\"><\/div><div class=\"wpb_gmaps_widget wpb_content_element\"><div class=\"wpb_wrapper\"><div class=\"wpb_map_wraper\"><iframe src=\"https:\/\/www.google.com\/maps\/embed?pb=!1m18!1m12!1m3!1d2082.8011199712546!2d23.690317315472992!3d58.53154428177147!2m3!1f0!2f0!3f0!3m2!1i1024!2i768!4f13.1!3m3!1m2!1s0x46ed71866e7c53dd%3A0xf0d3b58b8e6a700a!2sIlluste%20m%C3%B5is!5e0!3m2!1set!2see!4v1629288334842!5m2!1set!2see\" width=\"600\" height=\"260\" style=\"border:0;\" allowfullscreen=\"\" loading=\"lazy\"><\/iframe><\/div><\/div><\/div><div style=\"background-color:;height: 25px\" class=\"nicdark_section\"><\/div><div class=\"vc_row wpb_row vc_inner vc_row-fluid\"><div class=\"wpb_column vc_column_container vc_col-sm-6\"><div class=\"vc_column-inner\"><div class=\"wpb_wrapper\">\n\n\n  <div class=\"nd_options_section  nd_options_display_table\">\n    <div class=\"nd_options_display_table_cell nd_options_vertical_align_middle nd_options_width_50_percentage nd_options_text_align_left nd_options_padding_10 nd_options_box_sizing_border_box\">\n      <p class=\"nd_options_second_font nd_options_margin_0 nd_options_padding_0\" style=\"color:#000000\">Location<\/p>\n    <\/div>\n    <div class=\"nd_options_display_table_cell nd_options_vertical_align_middle nd_options_width_50_percentage nd_options_text_align_right nd_options_padding_10 nd_options_box_sizing_border_box\">\n      <p class=\"nd_options_second_font nd_options_margin_0 nd_options_padding_0\" style=\"color:#000000\">P\u00e4rnu county<\/p>\n    <\/div>\n  <\/div>\n\n\n   <div style=\"background-color:#f1f1f1;height: 1px\" class=\"nicdark_section\"><\/div>\n\n\n  <div class=\"nd_options_section  nd_options_display_table\">\n    <div class=\"nd_options_display_table_cell nd_options_vertical_align_middle nd_options_width_50_percentage nd_options_text_align_left nd_options_padding_10 nd_options_box_sizing_border_box\">\n      <p class=\"nd_options_second_font nd_options_margin_0 nd_options_padding_0\" style=\"color:#000000\">Address<\/p>\n    <\/div>\n    <div class=\"nd_options_display_table_cell nd_options_vertical_align_middle nd_options_width_50_percentage nd_options_text_align_right nd_options_padding_10 nd_options_box_sizing_border_box\">\n      <p class=\"nd_options_second_font nd_options_margin_0 nd_options_padding_0\" style=\"color:#000000\">Paatsalu, 88204<\/p>\n    <\/div>\n  <\/div>\n\n\n   <div style=\"background-color:#f1f1f1;height: 1px\" class=\"nicdark_section\"><\/div><\/div><\/div><\/div><div class=\"wpb_column vc_column_container vc_col-sm-6\"><div class=\"vc_column-inner\"><div class=\"wpb_wrapper\">\n\n\n  <div class=\"nd_options_section  nd_options_display_table\">\n    <div class=\"nd_options_display_table_cell nd_options_vertical_align_middle nd_options_width_50_percentage nd_options_text_align_left nd_options_padding_10 nd_options_box_sizing_border_box\">\n      <p class=\"nd_options_second_font nd_options_margin_0 nd_options_padding_0\" style=\"color:#000000\">Phone<\/p>\n    <\/div>\n    <div class=\"nd_options_display_table_cell nd_options_vertical_align_middle nd_options_width_50_percentage nd_options_text_align_right nd_options_padding_10 nd_options_box_sizing_border_box\">\n      <p class=\"nd_options_second_font nd_options_margin_0 nd_options_padding_0\" style=\"color:#000000\">+372 53098405<\/p>\n    <\/div>\n  <\/div>\n\n\n   <div style=\"background-color:#f1f1f1;height: 1px\" class=\"nicdark_section\"><\/div>\n\n\n  <div class=\"nd_options_section  nd_options_display_table\">\n    <div class=\"nd_options_display_table_cell nd_options_vertical_align_middle nd_options_width_50_percentage nd_options_text_align_left nd_options_padding_10 nd_options_box_sizing_border_box\">\n      <p class=\"nd_options_second_font nd_options_margin_0 nd_options_padding_0\" style=\"color:#000000\">Email :<\/p>\n    <\/div>\n    <div class=\"nd_options_display_table_cell nd_options_vertical_align_middle nd_options_width_50_percentage nd_options_text_align_right nd_options_padding_10 nd_options_box_sizing_border_box\">\n      <p class=\"nd_options_second_font nd_options_margin_0 nd_options_padding_0\" style=\"color:#000000\">info@illuste.ee<\/p>\n    <\/div>\n  <\/div>\n\n\n   <div style=\"background-color:#f1f1f1;height: 1px\" class=\"nicdark_section\"><\/div><\/div><\/div><\/div><\/div><div style=\"background-color:;height: 35px\" class=\"nicdark_section\"><\/div><\/div><\/div><\/div><\/div>","protected":false},"excerpt":{"rendered":"V\u00f5tke meiega \u00fchendust! Nimi Email Teema S\u00f5num Tallinna poolt tulles, keerata Karuse-Kalli tee 7,4 km pealt paremale, Audru-T\u00f5stamaa-Nurmsi teele. Sealt 5,6 kilomeetri p\u00e4rast uuesti paremale Pol\u00fcmeeri tee peale ning 200 meetri p\u00e4rast oletegi m\u00f5isa hoovis. Asukoht : P\u00e4rnu maakond Aadress : Paatsalu, 88204 Telefon : +372 53098405 Email : info@illuste.ee","protected":false},"author":2,"featured_media":0,"parent":0,"menu_order":0,"comment_status":"closed","ping_status":"closed","template":"","meta":{"footnotes":""},"class_list":["post-1848","page","type-page","status-publish","hentry"],"_links":{"self":[{"href":"https:\/\/illuste.ee\/en\/wp-json\/wp\/v2\/pages\/1848","targetHints":{"allow":["GET"]}}],"collection":[{"href":"https:\/\/illuste.ee\/en\/wp-json\/wp\/v2\/pages"}],"about":[{"href":"https:\/\/illuste.ee\/en\/wp-json\/wp\/v2\/types\/page"}],"author":[{"embeddable":true,"href":"https:\/\/illuste.ee\/en\/wp-json\/wp\/v2\/users\/2"}],"replies":[{"embeddable":true,"href":"https:\/\/illuste.ee\/en\/wp-json\/wp\/v2\/comments?post=1848"}],"version-history":[{"count":5,"href":"https:\/\/illuste.ee\/en\/wp-json\/wp\/v2\/pages\/1848\/revisions"}],"predecessor-version":[{"id":1998,"href":"https:\/\/illuste.ee\/en\/wp-json\/wp\/v2\/pages\/1848\/revisions\/1998"}],"wp:attachment":[{"href":"https:\/\/illuste.ee\/en\/wp-json\/wp\/v2\/media?parent=1848"}],"curies":[{"name":"wp","href":"https:\/\/api.w.org\/{rel}","templated":true}]}}