{"id":2427,"date":"2023-05-04T09:15:09","date_gmt":"2023-05-04T09:15:09","guid":{"rendered":"https:\/\/illuste.ee\/?page_id=2427"},"modified":"2025-01-30T07:31:25","modified_gmt":"2025-01-30T07:31:25","slug":"toetused","status":"publish","type":"page","link":"https:\/\/illuste.ee\/en\/toetused\/","title":{"rendered":"Toetused"},"content":{"rendered":"<div class=\"vc_row wpb_row vc_row-fluid\"><div class=\"wpb_column vc_column_container vc_col-sm-12\"><div class=\"vc_column-inner\"><div class=\"wpb_wrapper\"><div style=\"background-color:;height: 100px\" class=\"nicdark_section\"><\/div>\n\t<div class=\"wpb_text_column wpb_content_element\" >\n\t\t<div class=\"wpb_wrapper\">\n\t\t\t<p><span style=\"color: #000000;\"><strong>Project Brief<\/strong><\/span><\/p>\n<p>&nbsp;<\/p>\n<p><span style=\"color: #000000;\">The goal of this project is to enhance the quality of sports camp services and other leisure amenities, and to improve the conditions required for these services.<\/span><\/p>\n<p>&nbsp;<\/p>\n<p><span style=\"color: #000000;\"><strong>During the project, we will:<br \/>\n<\/strong><\/span><br \/>\n<span style=\"color: #000000;\">Acquire a modern kitchen equipment set for the kitchen in the main building and carry out minor improvements there, creating conditions for providing high-quality catering services on-site.<\/span><\/p>\n<p><span style=\"color: #000000;\">Upgrade the existing sauna (up to 16 people) and install an additional factory-made \"igloo sauna\" for up to 6 people.<\/span><\/p>\n<p><span style=\"color: #000000;\">Purchase and install 2 sanitary containers (WC + shower, 4+4-person capacity).<\/span><\/p>\n<p><span style=\"color: #000000;\">Install a bio-treatment plant for wastewater purification.<\/span><\/p>\n<p><span style=\"color: #000000;\">Connect the main building to the electricity grid and high-speed internet, and provide free Wi-Fi access throughout the manor grounds.<\/span><\/p>\n<p><span style=\"color: #000000;\">Carry out minor improvements to the stairwell railings in the main building.<\/span><\/p>\n<p>&nbsp;<\/p>\n<p><span style=\"color: #000000;\"><strong>Expected Outcomes:<\/strong><\/span><\/p>\n<p>&nbsp;<\/p>\n<p><span style=\"color: #000000;\">1. The manor will offer a diverse range of leisure services.<\/span><\/p>\n<p><span style=\"color: #000000;\">2. Modern sanitary facilities will be available for sports camps and events.<\/span><\/p>\n<p><span style=\"color: #000000;\">3. A dedicated kitchen will be established, enabling on-site catering services. This will also make it possible to use the main building for seminars and formal events, even outside of the tourist high season.<\/span><\/p>\n<p><span style=\"color: #000000;\">4. High-speed internet connectivity will be provided, which is essential for using the manor as a seminar venue and will also allow for the future implementation of smart building solutions.<\/span><\/p>\n<p>&nbsp;<\/p>\n<p><span style=\"color: #000000;\">The support program is funded by the European Agricultural Fund for Rural Development. The grant amount is \u20ac149,894.90.<\/span><\/p>\n<p><img fetchpriority=\"high\" decoding=\"async\" class=\"alignnone size-medium wp-image-2430\" src=\"https:\/\/illuste.ee\/wp-content\/uploads\/2023\/05\/mak-2014-2020-logo-eu-hor-col-300x175.png\" alt=\"\" width=\"300\" height=\"175\" srcset=\"https:\/\/illuste.ee\/wp-content\/uploads\/2023\/05\/mak-2014-2020-logo-eu-hor-col-300x175.png 300w, https:\/\/illuste.ee\/wp-content\/uploads\/2023\/05\/mak-2014-2020-logo-eu-hor-col-1024x597.png 1024w, https:\/\/illuste.ee\/wp-content\/uploads\/2023\/05\/mak-2014-2020-logo-eu-hor-col-768x448.png 768w, https:\/\/illuste.ee\/wp-content\/uploads\/2023\/05\/mak-2014-2020-logo-eu-hor-col.png 1278w\" sizes=\"(max-width: 300px) 100vw, 300px\" \/><\/p>\n\n\t\t<\/div>\n\t<\/div>\n<\/div><\/div><\/div><\/div>","protected":false},"excerpt":{"rendered":"Projekti l\u00fchikirjeldus &nbsp; K\u00e4esoleva projekti eesm\u00e4rgiks on t\u00f5sta spordilaagrite teenuse ja teiste puhketeenuste kvaliteeti ning parandada selleks vajalike tingimusi. &nbsp; Projekti k\u00e4igus: \u2022 Soetame kaasaegse k\u00f6\u00f6gitehnika komplekti peahoones asuvasse k\u00f6\u00f6ki ja teeme seal v\u00e4iksemahulised parendust\u00f6\u00f6d \u2013 sellega loome tingimused kvaliteetse toitlustusteenuse pakkumiseks kohapeal. \u2022 Uuendame olemasolevat sauna ( kuni 16 kohta) ja paigaldame lisaks tehases [...]","protected":false},"author":2,"featured_media":0,"parent":0,"menu_order":0,"comment_status":"closed","ping_status":"closed","template":"","meta":{"footnotes":""},"class_list":["post-2427","page","type-page","status-publish","hentry"],"_links":{"self":[{"href":"https:\/\/illuste.ee\/en\/wp-json\/wp\/v2\/pages\/2427","targetHints":{"allow":["GET"]}}],"collection":[{"href":"https:\/\/illuste.ee\/en\/wp-json\/wp\/v2\/pages"}],"about":[{"href":"https:\/\/illuste.ee\/en\/wp-json\/wp\/v2\/types\/page"}],"author":[{"embeddable":true,"href":"https:\/\/illuste.ee\/en\/wp-json\/wp\/v2\/users\/2"}],"replies":[{"embeddable":true,"href":"https:\/\/illuste.ee\/en\/wp-json\/wp\/v2\/comments?post=2427"}],"version-history":[{"count":5,"href":"https:\/\/illuste.ee\/en\/wp-json\/wp\/v2\/pages\/2427\/revisions"}],"predecessor-version":[{"id":2443,"href":"https:\/\/illuste.ee\/en\/wp-json\/wp\/v2\/pages\/2427\/revisions\/2443"}],"wp:attachment":[{"href":"https:\/\/illuste.ee\/en\/wp-json\/wp\/v2\/media?parent=2427"}],"curies":[{"name":"wp","href":"https:\/\/api.w.org\/{rel}","templated":true}]}}