{"id":28,"date":"2017-06-30T09:54:09","date_gmt":"2017-06-30T09:54:09","guid":{"rendered":"https:\/\/illuste.ee\/hotel-search\/"},"modified":"2025-05-21T07:14:20","modified_gmt":"2025-05-21T07:14:20","slug":"teenused","status":"publish","type":"page","link":"https:\/\/illuste.ee\/en\/teenused\/","title":{"rendered":"Services"},"content":{"rendered":"<div class=\"vc_row wpb_row vc_row-fluid\"><div class=\"wpb_column vc_column_container vc_col-sm-6\"><div class=\"vc_column-inner\"><div class=\"wpb_wrapper\"><div style=\"background-color:;height: 10px\" class=\"nicdark_section  \"><\/div><div class=\"vc_separator wpb_content_element vc_separator_align_center vc_sep_width_100 vc_sep_pos_align_center vc_sep_color_black vc_separator-has-text\" ><span class=\"vc_sep_holder vc_sep_holder_l\"><span  class=\"vc_sep_line\"><\/span><\/span><div class=\"vc_icon_element vc_icon_element-outer vc_icon_element-align-left\"><div class=\"vc_icon_element-inner vc_icon_element-color-blue vc_icon_element-size-md vc_icon_element-style- vc_icon_element-background-color-grey\" ><span class=\"vc_icon_element-icon fas fa-bullhorn\" ><\/span><\/div><\/div><h4>\u00dcritused<\/h4><span class=\"vc_sep_holder vc_sep_holder_r\"><span  class=\"vc_sep_line\"><\/span><\/span>\n<\/div><div style=\"background-color:;height: 10px\" class=\"nicdark_section  \"><\/div>\n\t<div class=\"wpb_text_column wpb_content_element \" >\n\t\t<div class=\"wpb_wrapper\">\n\t\t\t<p style=\"text-align: justify;\"><span style=\"color: #000000;\">Illuste m\u00f5isa alalt leiate k\u00f5ik vajaliku erinevate \u00fcrituste korraldamiseks. V\u00f5imalus teha k\u00f5ige meeldej\u00e4\u00e4vamaid s\u00fcndmusi oma s\u00f5pradele, kolleegidele, partneritele, klientidele, t\u00e4histada s\u00fcnnip\u00e4evi, t\u00e4htp\u00e4evi v\u00f5i m\u00f5nda muud olulist p\u00e4eva. Koost\u00f6\u00f6s partneritega korraldame Teie t\u00e4htp\u00e4eva toitlustamise, tehnilise korralduse, kujundamise ja meelelahutuse. Pakume v\u00f5imalust kasutada m\u00f5isa ruume ning \u00f5uealale p\u00fcsti panna peotelk. T\u00e4psema info saamiseks saatke meile <span style=\"color: #0000ff;\"><a style=\"color: #0000ff;\" href=\"https:\/\/illuste.ee\/kontakt\/\"><span style=\"text-decoration: underline;\">p\u00e4ring<\/span>.<\/a><\/span><\/span><\/p>\n<p>&nbsp;<\/p>\n\n\t\t<\/div>\n\t<\/div>\n<\/div><\/div><\/div><div class=\"wpb_column vc_column_container vc_col-sm-6\"><div class=\"vc_column-inner\"><div class=\"wpb_wrapper\"><div style=\"background-color:;height: 40px\" class=\"nicdark_section  \"><\/div>\n\t<div  class=\"wpb_single_image wpb_content_element vc_align_left\">\n\t\t\n\t\t<figure class=\"wpb_wrapper vc_figure\">\n\t\t\t<div class=\"vc_single_image-wrapper   vc_box_border_grey\"><img fetchpriority=\"high\" decoding=\"async\" class=\"vc_single_image-img \" src=\"https:\/\/illuste.ee\/wp-content\/uploads\/2021\/08\/IMG_4561-570x400.jpg\" width=\"570\" height=\"400\" alt=\"Illuste m\u00f5is\" title=\"Illuste m\u00f5is\" \/><\/div>\n\t\t<\/figure>\n\t<\/div>\n<\/div><\/div><\/div><\/div><div class=\"vc_row wpb_row vc_row-fluid\"><div class=\"wpb_column vc_column_container vc_col-sm-6\"><div class=\"vc_column-inner\"><div class=\"wpb_wrapper\"><div style=\"background-color:;height: 40px\" class=\"nicdark_section  \"><\/div><div class=\"vc_separator wpb_content_element vc_separator_align_center vc_sep_width_100 vc_sep_pos_align_center vc_sep_color_white\" ><span class=\"vc_sep_holder vc_sep_holder_l\"><span  class=\"vc_sep_line\"><\/span><\/span><span class=\"vc_sep_holder vc_sep_holder_r\"><span  class=\"vc_sep_line\"><\/span><\/span>\n<\/div><div class=\"wpb_gallery wpb_content_element vc_clearfix\" ><div class=\"wpb_wrapper\"><div class=\"wpb_gallery_slides wpb_flexslider flexslider_fade flexslider\" data-interval=\"0\" data-flex_fx=\"fade\"><ul class=\"slides\"><li><a class=\"\" href=\"https:\/\/illuste.ee\/wp-content\/uploads\/2023\/07\/IMG_20230705_130832502-768x1024.jpg\" data-lightbox=\"lightbox[rel-28-2951092954]\"><img decoding=\"async\" class=\"\" src=\"https:\/\/illuste.ee\/wp-content\/uploads\/2023\/07\/IMG_20230705_130832502-scaled-570x400.jpg\" width=\"570\" height=\"400\" alt=\"K\u00e4mping\" title=\"K\u00e4mping\" \/><\/a><\/li><li><a class=\"\" href=\"https:\/\/illuste.ee\/wp-content\/uploads\/2023\/07\/IMG_20230705_124930378-768x1024.jpg\" data-lightbox=\"lightbox[rel-28-2951092954]\"><img decoding=\"async\" class=\"\" src=\"https:\/\/illuste.ee\/wp-content\/uploads\/2023\/07\/IMG_20230705_124930378-scaled-570x400.jpg\" width=\"570\" height=\"400\" alt=\"K\u00e4mping\" title=\"K\u00e4mping\" \/><\/a><\/li><li><a class=\"\" href=\"https:\/\/illuste.ee\/wp-content\/uploads\/2023\/07\/IMG_20230705_115143240-768x1024.jpg\" data-lightbox=\"lightbox[rel-28-2951092954]\"><img loading=\"lazy\" decoding=\"async\" class=\"\" src=\"https:\/\/illuste.ee\/wp-content\/uploads\/2023\/07\/IMG_20230705_115143240-scaled-570x400.jpg\" width=\"570\" height=\"400\" alt=\"T\u00fcnnisaun\" title=\"T\u00fcnnisaun\" \/><\/a><\/li><li><a class=\"\" href=\"https:\/\/illuste.ee\/wp-content\/uploads\/2023\/07\/IMG_20230705_115047311-768x1024.jpg\" data-lightbox=\"lightbox[rel-28-2951092954]\"><img loading=\"lazy\" decoding=\"async\" class=\"\" src=\"https:\/\/illuste.ee\/wp-content\/uploads\/2023\/07\/IMG_20230705_115047311-scaled-570x400.jpg\" width=\"570\" height=\"400\" alt=\"T\u00fcnnisaun\" title=\"T\u00fcnnisaun\" \/><\/a><\/li><li><a class=\"\" href=\"https:\/\/illuste.ee\/wp-content\/uploads\/2023\/07\/IMG_20230705_115211504-768x1024.jpg\" data-lightbox=\"lightbox[rel-28-2951092954]\"><img loading=\"lazy\" decoding=\"async\" class=\"\" src=\"https:\/\/illuste.ee\/wp-content\/uploads\/2023\/07\/IMG_20230705_115211504-scaled-570x400.jpg\" width=\"570\" height=\"400\" alt=\"T\u00fcnnisaun\" title=\"T\u00fcnnisaun\" \/><\/a><\/li><\/ul><\/div><\/div><\/div><\/div><\/div><\/div><div class=\"wpb_column vc_column_container vc_col-sm-6\"><div class=\"vc_column-inner\"><div class=\"wpb_wrapper\"><div style=\"background-color:;height: 10px\" class=\"nicdark_section  \"><\/div><div class=\"vc_separator wpb_content_element vc_separator_align_left vc_sep_width_100 vc_sep_pos_align_center vc_sep_color_black vc_separator-has-text\" ><span class=\"vc_sep_holder vc_sep_holder_l\"><span  class=\"vc_sep_line\"><\/span><\/span><div class=\"vc_icon_element vc_icon_element-outer vc_icon_element-align-left\"><div class=\"vc_icon_element-inner vc_icon_element-color-blue vc_icon_element-size-md vc_icon_element-style- vc_icon_element-background-color-grey\" ><span class=\"vc_icon_element-icon fas fa-campground\" ><\/span><\/div><\/div><h4>Majutus<\/h4><span class=\"vc_sep_holder vc_sep_holder_r\"><span  class=\"vc_sep_line\"><\/span><\/span>\n<\/div><div style=\"background-color:;height: 10px\" class=\"nicdark_section  \"><\/div>\n\t<div class=\"wpb_text_column wpb_content_element \" >\n\t\t<div class=\"wpb_wrapper\">\n\t\t\t<div class=\"\"><span style=\"color: #000000;\">Suveperioodil (mai-september) pakume \u00f6\u00f6bimisv\u00f5imalust k\u00e4mpingutes ning olemas on ka telkimisala. M\u00f5isaalal paikneb 38 k\u00e4mpingut. 18 neist on neljaliikmelistele seltskondadele ning 20 kahele peatujale m\u00f5eldud. K\u00f5ikidele puhkajatele on \u00fchiskasutuseks olemas k\u00f6\u00f6k, saun, \u00f5ues olev grillimisala ning tualett- ja du\u0161\u0161iruum.<\/span><\/div>\n<div class=\"\"><\/div>\n\n\t\t<\/div>\n\t<\/div>\n<\/div><\/div><\/div><\/div><div class=\"vc_row wpb_row vc_row-fluid\"><div class=\"wpb_column vc_column_container vc_col-sm-6\"><div class=\"vc_column-inner\"><div class=\"wpb_wrapper\"><div class=\"vc_separator wpb_content_element vc_separator_align_center vc_sep_width_100 vc_sep_pos_align_center vc_sep_color_black vc_separator-has-text\" ><span class=\"vc_sep_holder vc_sep_holder_l\"><span  class=\"vc_sep_line\"><\/span><\/span><div class=\"vc_icon_element vc_icon_element-outer vc_icon_element-align-left\"><div class=\"vc_icon_element-inner vc_icon_element-color-blue vc_icon_element-size-md vc_icon_element-style- vc_icon_element-background-color-grey\" ><span class=\"vc_icon_element-icon fas fa-basketball-ball\" ><\/span><\/div><\/div><h4>Sportimisv\u00f5imalused<\/h4><span class=\"vc_sep_holder vc_sep_holder_r\"><span  class=\"vc_sep_line\"><\/span><\/span>\n<\/div><div style=\"background-color:;height: 10px\" class=\"nicdark_section  \"><\/div>\n\t<div class=\"wpb_text_column wpb_content_element \" >\n\t\t<div class=\"wpb_wrapper\">\n\t\t\t<p><span style=\"color: #000000;\">Kohapeal leiab tegevust nii korvpalli-, v\u00f5rkpalli- kui ka jalgpallihuviline.<\/span><\/p>\n\n\t\t<\/div>\n\t<\/div>\n<\/div><\/div><\/div><div class=\"wpb_column vc_column_container vc_col-sm-6\"><div class=\"vc_column-inner\"><div class=\"wpb_wrapper\"><div class=\"vc_separator wpb_content_element vc_separator_align_center vc_sep_width_100 vc_sep_pos_align_center vc_separator_no_text vc_sep_color_grey\" ><span class=\"vc_sep_holder vc_sep_holder_l\"><span  class=\"vc_sep_line\"><\/span><\/span><span class=\"vc_sep_holder vc_sep_holder_r\"><span  class=\"vc_sep_line\"><\/span><\/span>\n<\/div><div class=\"wpb_gallery wpb_content_element vc_clearfix vc_custom_1631179332852\" ><div class=\"wpb_wrapper\"><div class=\"wpb_gallery_slides wpb_flexslider flexslider_fade flexslider\" data-interval=\"0\" data-flex_fx=\"fade\"><ul class=\"slides\"><li><img loading=\"lazy\" decoding=\"async\" class=\"\" src=\"https:\/\/illuste.ee\/wp-content\/uploads\/2021\/08\/DJI_0021-scaled-570x400.jpg\" width=\"570\" height=\"400\" alt=\"DJI_0021\" title=\"DJI_0021\" \/><\/li><li><img loading=\"lazy\" decoding=\"async\" class=\"\" src=\"https:\/\/illuste.ee\/wp-content\/uploads\/2021\/08\/759A7505-scaled-570x400.jpg\" width=\"570\" height=\"400\" alt=\"Korvpalliv\u00e4ljak\" title=\"Korvpalliv\u00e4ljak\" \/><\/li><li><img loading=\"lazy\" decoding=\"async\" class=\"\" src=\"https:\/\/illuste.ee\/wp-content\/uploads\/2021\/08\/DJI_0039-scaled-570x400.jpg\" width=\"570\" height=\"400\" alt=\"DJI_0039\" title=\"DJI_0039\" \/><\/li><li><img loading=\"lazy\" decoding=\"async\" class=\"\" src=\"https:\/\/illuste.ee\/wp-content\/uploads\/2021\/08\/IMG_7019-scaled-570x400.jpg\" width=\"570\" height=\"400\" alt=\"IMG_7019\" title=\"IMG_7019\" \/><\/li><\/ul><\/div><\/div><\/div><\/div><\/div><\/div><\/div><div class=\"vc_row wpb_row vc_row-fluid\"><div class=\"wpb_column vc_column_container vc_col-sm-6\"><div class=\"vc_column-inner\"><div class=\"wpb_wrapper\"><div style=\"background-color:;height: 10px\" class=\"nicdark_section  \"><\/div><div style=\"background-color:;height: 10px\" class=\"nicdark_section  \"><\/div><div style=\"background-color:;height: 10px\" class=\"nicdark_section  \"><\/div>\n\t<div  class=\"wpb_single_image wpb_content_element vc_align_left\">\n\t\t\n\t\t<figure class=\"wpb_wrapper vc_figure\">\n\t\t\t<div class=\"vc_single_image-wrapper   vc_box_border_grey\"><img loading=\"lazy\" decoding=\"async\" class=\"vc_single_image-img \" src=\"https:\/\/illuste.ee\/wp-content\/uploads\/2021\/09\/20170308_131658-scaled-570x400.jpg\" width=\"570\" height=\"400\" alt=\"M\u00f5is\" title=\"M\u00f5is\" \/><\/div>\n\t\t<\/figure>\n\t<\/div>\n<\/div><\/div><\/div><div class=\"wpb_column vc_column_container vc_col-sm-6\"><div class=\"vc_column-inner\"><div class=\"wpb_wrapper\"><div class=\"vc_separator wpb_content_element vc_separator_align_center vc_sep_width_100 vc_sep_pos_align_center vc_sep_color_black vc_separator-has-text\" ><span class=\"vc_sep_holder vc_sep_holder_l\"><span  class=\"vc_sep_line\"><\/span><\/span><div class=\"vc_icon_element vc_icon_element-outer vc_icon_element-align-left\"><div class=\"vc_icon_element-inner vc_icon_element-color-blue vc_icon_element-size-md vc_icon_element-style- vc_icon_element-background-color-grey\" ><span class=\"vc_icon_element-icon far fa-lightbulb\" ><\/span><\/div><\/div><h4>Muud Ideed<\/h4><span class=\"vc_sep_holder vc_sep_holder_r\"><span  class=\"vc_sep_line\"><\/span><\/span>\n<\/div>\n\t<div class=\"wpb_text_column wpb_content_element \" >\n\t\t<div class=\"wpb_wrapper\">\n\t\t\t<p><span style=\"color: #000000;\">Soovite m\u00f5isa kasutada mingil muul otstarbel? Kirjutage meile ning arutame koos v\u00f5imalusi Illuste m\u00f5isa rentimiseks. Kirjeldage oma ideed p\u00e4ringu ankeedil, et me saaksime leida just teile sobiva lahenduse.<\/span><\/p>\n\n\t\t<\/div>\n\t<\/div>\n\n\t\n\t<a style=\"border: px solid #000000;border-radius:50px;letter-spacing:px;line-height:px;font-size:px;background-color:#e0e0e0;padding:20px;margin:20px;color:#000000\" rel=\"\" href=\"https:\/\/illuste.ee\/kontakt\/\" class=\"nicdark_display_inline_block nd_options_float_right    \">P\u00e4ring<\/a>\n\t\n<\/div><\/div><\/div><\/div><div class=\"vc_row wpb_row vc_row-fluid\"><div class=\"wpb_column vc_column_container vc_col-sm-12\"><div class=\"vc_column-inner\"><div class=\"wpb_wrapper\">\n\t<div class=\"wpb_text_column wpb_content_element \" >\n\t\t<div class=\"wpb_wrapper\">\n\t\t\t<p><span style=\"color: #000000;\"><strong>Lisainfo:<\/strong><\/span><\/p>\n<ul>\n<li><span style=\"color: #000000;\">Suveperioodil rendime kogu m\u00f5isakompleksi korraga \u00fchele seltskonnale. T\u00e4psema info saamiseks saatke meile <a style=\"color: #000000;\" href=\"https:\/\/illuste.ee\/kontakt\/\"><span style=\"text-decoration: underline;\">p\u00e4ring<\/span>.<\/a><\/span><\/li>\n<li><span style=\"color: #000000;\">M\u00f5isa rendi kasutus algab 14.00. Varasem saabumine ja hilisem lahkumine eraldi kokkuleppel. Check-out on kell 11.00<\/span><\/li>\n<li><span style=\"color: #000000;\">Broneeringu kinnitab ettemaks<\/span><\/li>\n<\/ul>\n\n\t\t<\/div>\n\t<\/div>\n<\/div><\/div><\/div><\/div>\n","protected":false},"excerpt":{"rendered":"\u00dcritused Illuste m\u00f5isa alalt leiate k\u00f5ik vajaliku erinevate \u00fcrituste korraldamiseks. V\u00f5imalus teha k\u00f5ige meeldej\u00e4\u00e4vamaid s\u00fcndmusi oma s\u00f5pradele, kolleegidele, partneritele, klientidele, t\u00e4histada s\u00fcnnip\u00e4evi, t\u00e4htp\u00e4evi v\u00f5i m\u00f5nda muud olulist p\u00e4eva. Koost\u00f6\u00f6s partneritega korraldame Teie t\u00e4htp\u00e4eva toitlustamise, tehnilise korralduse, kujundamise ja meelelahutuse. Pakume v\u00f5imalust kasutada m\u00f5isa ruume ning \u00f5uealale p\u00fcsti panna peotelk. T\u00e4psema info saamiseks saatke meile p\u00e4ring. [...]","protected":false},"author":2,"featured_media":0,"parent":0,"menu_order":0,"comment_status":"closed","ping_status":"closed","template":"","meta":{"footnotes":""},"class_list":["post-28","page","type-page","status-publish","hentry"],"_links":{"self":[{"href":"https:\/\/illuste.ee\/en\/wp-json\/wp\/v2\/pages\/28","targetHints":{"allow":["GET"]}}],"collection":[{"href":"https:\/\/illuste.ee\/en\/wp-json\/wp\/v2\/pages"}],"about":[{"href":"https:\/\/illuste.ee\/en\/wp-json\/wp\/v2\/types\/page"}],"author":[{"embeddable":true,"href":"https:\/\/illuste.ee\/en\/wp-json\/wp\/v2\/users\/2"}],"replies":[{"embeddable":true,"href":"https:\/\/illuste.ee\/en\/wp-json\/wp\/v2\/comments?post=28"}],"version-history":[{"count":5,"href":"https:\/\/illuste.ee\/en\/wp-json\/wp\/v2\/pages\/28\/revisions"}],"predecessor-version":[{"id":2527,"href":"https:\/\/illuste.ee\/en\/wp-json\/wp\/v2\/pages\/28\/revisions\/2527"}],"wp:attachment":[{"href":"https:\/\/illuste.ee\/en\/wp-json\/wp\/v2\/media?parent=28"}],"curies":[{"name":"wp","href":"https:\/\/api.w.org\/{rel}","templated":true}]}}