{"id":831,"date":"2019-05-08T08:30:12","date_gmt":"2019-05-08T08:30:12","guid":{"rendered":"https:\/\/illuste.ee\/home-1\/"},"modified":"2025-03-31T14:43:28","modified_gmt":"2025-03-31T14:43:28","slug":"home-1","status":"publish","type":"page","link":"https:\/\/illuste.ee\/en\/","title":{"rendered":"AVALEHT"},"content":{"rendered":"<div data-elementor-type=\"wp-page\" data-elementor-id=\"831\" class=\"elementor elementor-831\">\n\t\t\t\t\t\t<section class=\"elementor-section elementor-top-section elementor-element elementor-element-7cb61bf0 elementor-section-boxed elementor-section-height-default elementor-section-height-default\" data-id=\"7cb61bf0\" data-element_type=\"section\" data-e-type=\"section\">\n\t\t\t\t\t\t<div class=\"elementor-container elementor-column-gap-default\">\n\t\t\t\t\t<div class=\"elementor-column elementor-col-100 elementor-top-column elementor-element elementor-element-161dcaf6\" data-id=\"161dcaf6\" data-element_type=\"column\" data-e-type=\"column\">\n\t\t\t<div class=\"elementor-widget-wrap elementor-element-populated\">\n\t\t\t\t\t\t<div class=\"elementor-element elementor-element-1e7d2ab elementor-widget elementor-widget-text-editor\" data-id=\"1e7d2ab\" data-element_type=\"widget\" data-e-type=\"widget\" data-widget_type=\"text-editor.default\">\n\t\t\t\t<div class=\"elementor-widget-container\">\n\t\t\t\t\t\t\t\t\t<div data-vc-full-width=\"true\" data-vc-full-width-init=\"false\" data-vc-stretch-content=\"true\" class=\"vc_row wpb_row vc_row-fluid vc_row-no-padding\"><div class=\"wpb_column vc_column_container vc_col-sm-12\"><div class=\"vc_column-inner\"><div class=\"wpb_wrapper\"><div class=\"nk-awb\" >\n\t<div class=\"wpb_text_column wpb_content_element\" >\n\t\t<div class=\"wpb_wrapper\">\n\t\t\t<p>\u00a0<\/p>\n<p>\u00a0<\/p>\n<p>\u00a0<\/p>\n<p>\u00a0<\/p>\n<p>\u00a0<\/p>\n<p>\u00a0<\/p>\n<p>\u00a0<\/p>\n<p>\u00a0<\/p>\n<p>\u00a0<\/p>\n<h1 style=\"text-align: center;\"><span style=\"color: #ffffff;\"><strong>Illuste Manor<\/strong><\/span><\/h1>\n<p>\u00a0<\/p>\n<p style=\"text-align: center;\"><span style=\"color: #ffffff;\">P\u00e4rnu county, L\u00e4\u00e4neranna parish<\/span><br \/><span style=\"color: #ffffff;\">Paatsalu k\u00fcla, Illuste, 88204,<\/span><br \/><span style=\"color: #ffffff;\">Tel. 53098405<\/span><\/p>\n<p>\u00a0<\/p>\n<p>\u00a0<\/p>\n<p>\u00a0<\/p>\n<p>\u00a0<\/p>\n<p>\u00a0<\/p>\n<p>\u00a0<\/p>\n<p>\u00a0<\/p>\n<p>\u00a0<\/p>\n<p>\u00a0<\/p>\n<p>\u00a0<\/p>\n<p>\u00a0<\/p>\n<p>\u00a0<\/p>\n<p>\u00a0<\/p>\n<p>\u00a0<\/p>\n<p>\u00a0<\/p>\n<p>\u00a0<\/p>\n<p>\u00a0<\/p>\n\n\t\t<\/div>\n\t<\/div>\n<div class=\"nk-awb-wrap\" data-awb-type=\"yt_vm_video\" data-awb-image-background-size=\"cover\" data-awb-image-background-position=\"50% 50%\" data-awb-video=\"https:\/\/www.youtube.com\/watch?v=ff8fjFUX4Vg\" data-awb-video-start-time=\"0\" data-awb-video-end-time=\"0\" data-awb-video-volume=\"0\" data-awb-video-always-play=\"true\" data-awb-video-mobile=\"1\"><div  class=\"nk-awb-inner\"><\/div><\/div><\/div><\/div><\/div><\/div><\/div><div class=\"vc_row-full-width vc_clearfix\"><\/div><div data-vc-parallax=\"1.5\" data-vc-parallax-image=\"https:\/\/illuste.ee\/wp-content\/uploads\/2021\/08\/DJI_0011-scaled.jpg\" class=\"vc_row wpb_row vc_row-fluid nd_options_vc_parallax_filter_2_4 vc_custom_1629704220501 vc_row-has-fill vc_row-o-content-middle vc_row-flex vc_general vc_parallax vc_parallax-content-moving\"><div class=\"wpb_column vc_column_container vc_col-sm-4\"><div class=\"vc_column-inner vc_custom_1629704193960\"><div class=\"wpb_wrapper\"> <h1 style=\"color:#ffffff;padding:px;text-align:center;font-size:60px;line-height:50px;letter-spacing: px;font-weight:lighter\" class=\"nd_options_first_font\">Illuste Manor<\/h1> <div style=\"background-color:;height: 20px\" class=\"nicdark_section\"><\/div>\n\t<div class=\"wpb_text_column wpb_content_element\" >\n\t\t<div class=\"wpb_wrapper\">\n\t\t\t<p class=\"xmsonormal\" style=\"vertical-align: middle; text-align: justify;\"><span style=\"color: #ffffff;\">Titled as one of the most valued Art Nouveau gems of Estonia, Illuste Manor offers ideal opportunities for quiet retreats as well as hosting major events for larger groups. The manor received a new exterior in 2016. The preserved medieval Western European style of country houses creates idyllic conditions for weddings and other grand events. In addition to the main building, the manor complex includes two saunas, campsites on the spacious grounds, and training fields offering various sports activities. On-site, activities are available for basketball, volleyball, and football enthusiasts.<\/span><\/p>\n\n\t\t<\/div>\n\t<\/div>\n<div style=\"background-color:;height: 40px\" class=\"nicdark_section\"><\/div><\/div><\/div><\/div><div class=\"wpb_column vc_column_container vc_col-sm-8\"><div class=\"vc_column-inner\"><div class=\"wpb_wrapper\"><\/div><\/div><\/div><\/div>\t\t\t\t\t\t\t\t<\/div>\n\t\t\t\t<\/div>\n\t\t\t\t\t<\/div>\n\t\t<\/div>\n\t\t\t\t\t<\/div>\n\t\t<\/section>\n\t\t\t\t<\/div>","protected":false},"excerpt":{"rendered":"&nbsp; &nbsp; &nbsp; &nbsp; &nbsp; &nbsp; &nbsp; &nbsp; &nbsp; Illuste m\u00f5is &nbsp; P\u00e4rnu maakond, L\u00e4\u00e4neranna vald Paatsalu k\u00fcla, Illuste, 88204, Tel. 53098405 &nbsp; &nbsp; &nbsp; &nbsp; &nbsp; &nbsp; &nbsp; &nbsp; &nbsp; &nbsp; &nbsp; &nbsp; &nbsp; &nbsp; &nbsp; &nbsp; &nbsp; Illuste m\u00f5is Vabariigi \u00fcheks hinnatuimaks juugendstiili p\u00e4rliks tituleeritud Illuste m\u00f5is pakub ideaalseid v\u00f5imalusi vaikseks \u00e4raolemiseks kui [...]","protected":false},"author":2,"featured_media":2016,"parent":0,"menu_order":0,"comment_status":"closed","ping_status":"closed","template":"","meta":{"footnotes":""},"class_list":["post-831","page","type-page","status-publish","has-post-thumbnail","hentry"],"_links":{"self":[{"href":"https:\/\/illuste.ee\/en\/wp-json\/wp\/v2\/pages\/831","targetHints":{"allow":["GET"]}}],"collection":[{"href":"https:\/\/illuste.ee\/en\/wp-json\/wp\/v2\/pages"}],"about":[{"href":"https:\/\/illuste.ee\/en\/wp-json\/wp\/v2\/types\/page"}],"author":[{"embeddable":true,"href":"https:\/\/illuste.ee\/en\/wp-json\/wp\/v2\/users\/2"}],"replies":[{"embeddable":true,"href":"https:\/\/illuste.ee\/en\/wp-json\/wp\/v2\/comments?post=831"}],"version-history":[{"count":5,"href":"https:\/\/illuste.ee\/en\/wp-json\/wp\/v2\/pages\/831\/revisions"}],"predecessor-version":[{"id":2513,"href":"https:\/\/illuste.ee\/en\/wp-json\/wp\/v2\/pages\/831\/revisions\/2513"}],"wp:featuredmedia":[{"embeddable":true,"href":"https:\/\/illuste.ee\/en\/wp-json\/wp\/v2\/media\/2016"}],"wp:attachment":[{"href":"https:\/\/illuste.ee\/en\/wp-json\/wp\/v2\/media?parent=831"}],"curies":[{"name":"wp","href":"https:\/\/api.w.org\/{rel}","templated":true}]}}