{"id":1107,"date":"2019-05-10T11:12:21","date_gmt":"2019-05-10T11:12:21","guid":{"rendered":"https:\/\/illuste.ee\/about-us-3\/"},"modified":"2023-03-14T10:18:35","modified_gmt":"2023-03-14T10:18:35","slug":"ajalugu","status":"publish","type":"page","link":"https:\/\/illuste.ee\/et\/ajalugu\/","title":{"rendered":"M\u00f5isa ajalugu"},"content":{"rendered":"<div class=\"vc_row wpb_row vc_row-fluid\"><div class=\"wpb_column vc_column_container vc_col-sm-12\"><div class=\"vc_column-inner\"><div class=\"wpb_wrapper\">\n\n  <!--START FOCUS-->\n  <div class=\"nd_options_section nd_options_background_size_cover  \" style=\"background-image:url(https:\/\/illuste.ee\/wp-content\/uploads\/2021\/08\/DJI_0012-1024x575.jpg)\">\n                                            \n      <div class=\"nd_options_section nd_options_bg_greydark_alpha_5\">\n          \n          <div class=\"nd_options_section nd_options_text_align_center\">\n          \n            <div class=\"nd_options_section nd_options_height_100\"><\/div>\n              \n            <a rel=\"\" title=\"\" target=\"_self\" class=\"nd_options_color_white\" href=\"\">\n              <h1 class=\"nd_options_margin_0_important nd_options_color_white\">\n                AJALUGU\n              <\/h1>\n            <\/a>\n            <div class=\"nd_options_section nd_options_height_20\"><\/div>\n            <h3 class=\"nd_options_margin_0_important nd_options_text_transform_uppercase nd_options_color_white\"><\/h3>\n\n            <div class=\"nd_options_section nd_options_height_100\"><\/div> \n\n          <\/div>\n\n      <\/div>\n\n  <\/div>\n  <!--END FOCUS-->\n\n   <\/div><\/div><\/div><\/div><div class=\"vc_row wpb_row vc_row-fluid vc_row-o-equal-height vc_row-flex\"><div class=\"wpb_column vc_column_container vc_col-sm-6\"><div class=\"vc_column-inner\"><div class=\"wpb_wrapper\"><div style=\"background-color:;height: 15px\" class=\"nicdark_section  \"><\/div>\n\t<div class=\"wpb_text_column wpb_content_element \" >\n\t\t<div class=\"wpb_wrapper\">\n\t\t\t<p style=\"text-align: justify;\"><span style=\"color: #000000;\">Illuste m\u00f5isat on esmakordselt mainitud 1646. aastal ning teada on, et keskajal kuulus Illuste ja selle l\u00e4him \u00fcmbrus Lihula tsistertslaste P\u00fchavaimu nunnakloostrile. Vanimad andmed m\u00f5isa hoonestuse kohta on p\u00e4rit 17.sajandi l\u00f5puk\u00fcmnenditest. Nagu n\u00e4htub 1685. aasta Rootsi riigiv\u00f5imu poolt koostatud m\u00f5isate reduktsiooniaktist, milles lisaks m\u00f5isa \u00fcldisele varanduslikule seisundile fikseeriti p\u00f5hjalikult ka k\u00f5ik m\u00f5isale kuulunud tollased hooned, koosnes selleaegne Illuste m\u00f5isaansambel kaheksast lihtsast rookatusega palkhoonest, mille hulka kuulusid nii peahoone, ait, hobusetall, laudad kui rehi.<\/span><\/p>\n\n\t\t<\/div>\n\t<\/div>\n<div style=\"background-color:;height: 15px\" class=\"nicdark_section  \"><\/div><div id=\"twenty20-1\" class=\"twenty20\" style=\"width: 100% !important; clear: both;\"><div class=\"twentytwenty-container twenty20-1 \"><img decoding=\"async\" src=\"https:\/\/illuste.ee\/wp-content\/uploads\/2021\/09\/viimane1.jpg.png\" alt=\"Before image\" \/><img decoding=\"async\" src=\"https:\/\/illuste.ee\/wp-content\/uploads\/2021\/09\/viimane2.png\" alt=\"After image\" \/><\/div><\/div><div style=\"background-color:;height: 15px\" class=\"nicdark_section  \"><\/div>\n\t<div class=\"wpb_text_column wpb_content_element \" >\n\t\t<div class=\"wpb_wrapper\">\n\t\t\t<p style=\"text-align: justify;\"><span style=\"color: #000000;\">Kahe m\u00f5isa pargid ulatusid omavahel otsapidi kokku ning pargi l\u00e4\u00e4nepoolses (merepoolses) osas asus m\u00f5isaomanike von Maydellide perekonnakalmistu. Illustet on nimetatud ka vanat\u00fcdrukute m\u00f5isaks, kuna von Maydellide perest elas seal kolm \u00f5de, kes k\u00f5ik olid vanat\u00fcdrukud. 1917 hukati r\u00fc\u00fcstamise k\u00e4igus \u00f5ed ja ka nende vend viimane m\u00f5isaomanik Eduard Theodor von Maydell. Peale v\u00f5\u00f5randamist oli m\u00f5is kasutusel majandikeskusena, siis olid seal piirivalvurid, 1939. aastal vene s\u00f5jav\u00e4elased, edasi kasutati Illuste m\u00f5isat Tallinna Oktoobri rajooni pioneeride maja suvelaagrina, siis spordibaasina ning viimased aastak\u00fcmned on seal toimunud Tallinna Kristiine linnaosa spordikooli suvelaagrid. aastal l\u00e4ks omandireformi tulemusena Illuste m\u00f5is Tallinna linna omandisse ning anti Tallinna Spordi-ja Noorsooameti valitsemisele ja bilanssi. aastal leiti aga, et m\u00f5isakompleksi pole otstarbekas senisel viisil edasi kasutada. 2013 aasta maikuus kuulutas Tallinna linnavaraamet v\u00e4lja avaliku kirjaliku enampakkumise, mille v\u00f5itis MT\u00dc Siili Palliklubi. Siili Palliklubist eraldati iseseisva majandus\u00fcksusena Illuste m\u00f5is ning selle jaoks asutati 2014. aasta aprillikuus eraldi osa\u00fching Illuste m\u00f5is O\u00dc, kes tegeleb m\u00f5isa haldamise, renoveerimise ja arendamisega.<\/span><\/p>\n\n\t\t<\/div>\n\t<\/div>\n<\/div><\/div><\/div><div class=\"wpb_column vc_column_container vc_col-sm-6\"><div class=\"vc_column-inner\"><div class=\"wpb_wrapper\"><div style=\"background-color:;height: 15px\" class=\"nicdark_section  \"><\/div><div id=\"twenty20-2\" class=\"twenty20\" style=\"width: 100% !important; clear: both;\"><div class=\"twentytwenty-container twenty20-2 \"><img decoding=\"async\" src=\"https:\/\/illuste.ee\/wp-content\/uploads\/2021\/09\/3333.JPG.png\" alt=\"Before image\" \/><img decoding=\"async\" src=\"https:\/\/illuste.ee\/wp-content\/uploads\/2021\/09\/Vana-Illuste-mois2.jpg\" alt=\"After image\" \/><\/div><\/div><div style=\"background-color:;height: 15px\" class=\"nicdark_section  \"><\/div>\n\t<div class=\"wpb_text_column wpb_content_element \" >\n\t\t<div class=\"wpb_wrapper\">\n\t\t\t<p style=\"text-align: justify;\"><span style=\"color: #000000;\">1870. aastal m\u00fc\u00fcdi Illuste m\u00f5is Otto von Uexk\u00fclli poolt aadliperekonnale von Maydellidele koos Paatsalu ja Vatla m\u00f5isatega. 1909. aastal s\u00fcttis m\u00f5is p\u00f5lema ning uus kahekorruseline juugendsugemetega heimatstiilis peahoone valmis m\u00f5isa arhitekt Otto Wildau projekti j\u00e4rgi 1912. M\u00f5is kujunes tolle perioodi Eesti m\u00f5isahoonete hulgas \u00fcheks t\u00e4helepanuv\u00e4\u00e4rsemaks. Hoone on s\u00e4ilinud enam-v\u00e4hem esialgsel kujul, vaid l\u00e4\u00e4netiivas asunud \u00fchekorruseline galerii on h\u00e4vinud. 19. sajandi kaardimaterjali p\u00f5hjal on kirjeldatav planeering tajutav ka t\u00e4nap\u00e4eval. Arvestatavad k\u00f5rvalhooned puuduvad, kuna majandusm\u00f5isana kasutati naabruses olevat k\u00f5rvalhooneterikast Paatsalu m\u00f5isat. Nii kujuneski Illuste esindusm\u00f5isaks ja Paatsalu majandusm\u00f5isaks.<\/span><\/p>\n\n\t\t<\/div>\n\t<\/div>\n<div style=\"background-color:;height: 15px\" class=\"nicdark_section  \"><\/div>\n    <div style=\"text-align:left\" class=\"nd_options_section\">\n      <img decoding=\"async\" alt=\"\" style=\"width:100%\" class=\" nd_options_margin_0 nd_options_padding_0 \" src=\"https:\/\/illuste.ee\/wp-content\/uploads\/2021\/08\/IMG_0842-1024x765.jpg\">\n    <\/div>\n   <\/div><\/div><\/div><\/div>\n","protected":false},"excerpt":{"rendered":"AJALUGU Illuste m\u00f5isat on esmakordselt mainitud 1646. aastal ning teada on, et keskajal kuulus Illuste ja selle l\u00e4him \u00fcmbrus Lihula tsistertslaste P\u00fchavaimu nunnakloostrile. Vanimad andmed m\u00f5isa hoonestuse kohta on p\u00e4rit 17.sajandi l\u00f5puk\u00fcmnenditest. Nagu n\u00e4htub 1685. aasta Rootsi riigiv\u00f5imu poolt koostatud m\u00f5isate reduktsiooniaktist, milles lisaks m\u00f5isa \u00fcldisele varanduslikule seisundile fikseeriti p\u00f5hjalikult ka k\u00f5ik m\u00f5isale kuulunud tollased [...]","protected":false},"author":2,"featured_media":0,"parent":0,"menu_order":0,"comment_status":"closed","ping_status":"closed","template":"","meta":{"footnotes":""},"class_list":["post-1107","page","type-page","status-publish","hentry"],"_links":{"self":[{"href":"https:\/\/illuste.ee\/et\/wp-json\/wp\/v2\/pages\/1107","targetHints":{"allow":["GET"]}}],"collection":[{"href":"https:\/\/illuste.ee\/et\/wp-json\/wp\/v2\/pages"}],"about":[{"href":"https:\/\/illuste.ee\/et\/wp-json\/wp\/v2\/types\/page"}],"author":[{"embeddable":true,"href":"https:\/\/illuste.ee\/et\/wp-json\/wp\/v2\/users\/2"}],"replies":[{"embeddable":true,"href":"https:\/\/illuste.ee\/et\/wp-json\/wp\/v2\/comments?post=1107"}],"version-history":[{"count":5,"href":"https:\/\/illuste.ee\/et\/wp-json\/wp\/v2\/pages\/1107\/revisions"}],"predecessor-version":[{"id":2423,"href":"https:\/\/illuste.ee\/et\/wp-json\/wp\/v2\/pages\/1107\/revisions\/2423"}],"wp:attachment":[{"href":"https:\/\/illuste.ee\/et\/wp-json\/wp\/v2\/media?parent=1107"}],"curies":[{"name":"wp","href":"https:\/\/api.w.org\/{rel}","templated":true}]}}