{"id":2427,"date":"2023-05-04T09:15:09","date_gmt":"2023-05-04T09:15:09","guid":{"rendered":"https:\/\/illuste.ee\/?page_id=2427"},"modified":"2025-01-30T07:31:25","modified_gmt":"2025-01-30T07:31:25","slug":"toetused","status":"publish","type":"page","link":"https:\/\/illuste.ee\/et\/toetused\/","title":{"rendered":"Toetused"},"content":{"rendered":"<div class=\"vc_row wpb_row vc_row-fluid\"><div class=\"wpb_column vc_column_container vc_col-sm-12\"><div class=\"vc_column-inner\"><div class=\"wpb_wrapper\"><div style=\"background-color:;height: 100px\" class=\"nicdark_section  \"><\/div>\n\t<div class=\"wpb_text_column wpb_content_element \" >\n\t\t<div class=\"wpb_wrapper\">\n\t\t\t<p><span style=\"color: #000000;\"><strong>Projekti l\u00fchikirjeldus<\/strong><\/span><\/p>\n<p>&nbsp;<\/p>\n<p><span style=\"color: #000000;\">K\u00e4esoleva projekti eesm\u00e4rgiks on t\u00f5sta spordilaagrite teenuse ja teiste puhketeenuste kvaliteeti ning parandada selleks vajalike tingimusi.<\/span><\/p>\n<p>&nbsp;<\/p>\n<p><span style=\"color: #000000;\"><strong>Projekti k\u00e4igus:<br \/>\n<\/strong><\/span><br \/>\n<span style=\"color: #000000;\">\u2022 Soetame kaasaegse k\u00f6\u00f6gitehnika komplekti peahoones asuvasse k\u00f6\u00f6ki ja teeme seal v\u00e4iksemahulised parendust\u00f6\u00f6d \u2013 sellega loome tingimused kvaliteetse toitlustusteenuse pakkumiseks kohapeal.<\/span><\/p>\n<p><span style=\"color: #000000;\">\u2022 Uuendame olemasolevat sauna ( kuni 16 kohta) ja paigaldame lisaks tehases valmistatud \u201ciglu-saun\u201d kuni 6 inimesele.<\/span><\/p>\n<p><span style=\"color: #000000;\">\u2022 Soetame ja paigaldame 2 sanitaarsoojakut (WC + du\u0161\u0161, 4+4-kohalised).<\/span><\/p>\n<p><span style=\"color: #000000;\">\u2022 Paigaldame biopuhasti reovee puhastamiseks.<\/span><\/p>\n<p><span style=\"color: #000000;\">\u2022 \u00dchendame peahoone valguskaabliga ja kiire internetiga ning v\u00f5imaldame tasuta Wi-Fi kasutamist m\u00f5isa territooriumil.<\/span><\/p>\n<p><span style=\"color: #000000;\">\u2022 Teeme m\u00f5isa peahoone trepihalli piirete v\u00e4iksemahulised parendust\u00f6\u00f6d.<\/span><\/p>\n<p>&nbsp;<\/p>\n<p><span style=\"color: #000000;\"><strong>Projekti tulemusena:<\/strong><\/span><\/p>\n<p>&nbsp;<\/p>\n<p><span style=\"color: #000000;\">1. M\u00f5isas hakatakse pakkuma mitmekesist puhketeenust.<\/span><\/p>\n<p><span style=\"color: #000000;\">2. Tekivad kaasaegsed sanitaartingimused spordilaagrite ja \u00fcrituste l\u00e4biviimiseks.<\/span><\/p>\n<p><span style=\"color: #000000;\">3. Tekib oma k\u00f6\u00f6k, mis v\u00f5imaldab pakkuda toitlustusteenust kohapeal. Muu hulgas tekib v\u00f5imalus kasutada peahoonet seminaride ja pidulike \u00fcrituste v\u00f5\u00f5rustamiseks ja teha seda ka v\u00e4ljaspool turismi k\u00f5rghooaega.<\/span><\/p>\n<p><span style=\"color: #000000;\">4. Tekib kiire interneti\u00fchendus, mis on eelduseks m\u00f5isa kasutamiseks seminarikohana ning samuti annab tulevikus v\u00f5imalust rakendada m\u00f5isas targa hoone lahendusi.<\/span><\/p>\n<p>&nbsp;<\/p>\n<p><span style=\"color: #000000;\">Toetusprogrammi rahastab Euroopa Maaelu Arengu P\u00f5llumajandusfond. Toetuse suurus 149 894,90 eurot.<\/span><\/p>\n<p><img fetchpriority=\"high\" decoding=\"async\" class=\"alignnone size-medium wp-image-2430\" src=\"https:\/\/illuste.ee\/wp-content\/uploads\/2023\/05\/mak-2014-2020-logo-eu-hor-col-300x175.png\" alt=\"\" width=\"300\" height=\"175\" srcset=\"https:\/\/illuste.ee\/wp-content\/uploads\/2023\/05\/mak-2014-2020-logo-eu-hor-col-300x175.png 300w, https:\/\/illuste.ee\/wp-content\/uploads\/2023\/05\/mak-2014-2020-logo-eu-hor-col-1024x597.png 1024w, https:\/\/illuste.ee\/wp-content\/uploads\/2023\/05\/mak-2014-2020-logo-eu-hor-col-768x448.png 768w, https:\/\/illuste.ee\/wp-content\/uploads\/2023\/05\/mak-2014-2020-logo-eu-hor-col.png 1278w\" sizes=\"(max-width: 300px) 100vw, 300px\" \/><\/p>\n\n\t\t<\/div>\n\t<\/div>\n<\/div><\/div><\/div><\/div>\n","protected":false},"excerpt":{"rendered":"Projekti l\u00fchikirjeldus &nbsp; K\u00e4esoleva projekti eesm\u00e4rgiks on t\u00f5sta spordilaagrite teenuse ja teiste puhketeenuste kvaliteeti ning parandada selleks vajalike tingimusi. &nbsp; Projekti k\u00e4igus: \u2022 Soetame kaasaegse k\u00f6\u00f6gitehnika komplekti peahoones asuvasse k\u00f6\u00f6ki ja teeme seal v\u00e4iksemahulised parendust\u00f6\u00f6d \u2013 sellega loome tingimused kvaliteetse toitlustusteenuse pakkumiseks kohapeal. \u2022 Uuendame olemasolevat sauna ( kuni 16 kohta) ja paigaldame lisaks tehases [...]","protected":false},"author":2,"featured_media":0,"parent":0,"menu_order":0,"comment_status":"closed","ping_status":"closed","template":"","meta":{"footnotes":""},"class_list":["post-2427","page","type-page","status-publish","hentry"],"_links":{"self":[{"href":"https:\/\/illuste.ee\/et\/wp-json\/wp\/v2\/pages\/2427","targetHints":{"allow":["GET"]}}],"collection":[{"href":"https:\/\/illuste.ee\/et\/wp-json\/wp\/v2\/pages"}],"about":[{"href":"https:\/\/illuste.ee\/et\/wp-json\/wp\/v2\/types\/page"}],"author":[{"embeddable":true,"href":"https:\/\/illuste.ee\/et\/wp-json\/wp\/v2\/users\/2"}],"replies":[{"embeddable":true,"href":"https:\/\/illuste.ee\/et\/wp-json\/wp\/v2\/comments?post=2427"}],"version-history":[{"count":5,"href":"https:\/\/illuste.ee\/et\/wp-json\/wp\/v2\/pages\/2427\/revisions"}],"predecessor-version":[{"id":2443,"href":"https:\/\/illuste.ee\/et\/wp-json\/wp\/v2\/pages\/2427\/revisions\/2443"}],"wp:attachment":[{"href":"https:\/\/illuste.ee\/et\/wp-json\/wp\/v2\/media?parent=2427"}],"curies":[{"name":"wp","href":"https:\/\/api.w.org\/{rel}","templated":true}]}}